{"id":118,"date":"2024-03-22T16:55:58","date_gmt":"2024-03-22T16:55:58","guid":{"rendered":"https:\/\/neurologiefrechen.de\/?page_id=118"},"modified":"2025-05-20T12:06:56","modified_gmt":"2025-05-20T12:06:56","slug":"rezept","status":"publish","type":"page","link":"https:\/\/neuropraxisfrechen.de\/index.php\/rezept\/","title":{"rendered":"Termin &amp; Rezept"},"content":{"rendered":"\n<p>Wir sind <\/p>\n\n\n\n<p><strong>Montag von 08:00 &#8211; 17:00 Uhr<\/strong><\/p>\n\n\n\n<p><strong>Dienstag von 08:00 &#8211; 18:00 Uhr<\/strong><\/p>\n\n\n\n<p><strong>Mittwoch von 08:00 &#8211; 15:00 Uhr<\/strong> <strong>und von<\/strong> <strong>15:00 &#8211; 17:00 Uhr nach Vereinbarung <\/strong><\/p>\n\n\n\n<p><strong>Donnerstag von 08:00 Uhr bis 18:00 Uhr <\/strong><\/p>\n\n\n\n<p><strong>Freitag von 08:00 Uhr bis 16:00 Uhr<\/strong> <br>durchgehend pers\u00f6nlich f\u00fcr Sie da.<br><br>Rezepte, \u00dcberweisungen, Verordnungen o.\u00e4. k\u00f6nnen jederzeit auch ohne Voranmeldung umgehend bei uns vor Ort ausgestellt werden. <br><br><em><strong>Bitte beachten Sie, dass die Ausstellung eines Rezeptes, einer \u00dcberweisung, einer Verordnung o.\u00e4.  nur erfolgen kann, wenn bereits im laufenden Quartal die Versichertenkarte bei uns in der Praxis eingelesen wurde.<\/strong><\/em><br><\/p>\n\n\n\n<p><\/p>\n\n\n\n<p class=\"has-medium-font-size\"><em>Sie m\u00f6chten einen Termin vereinbaren, Ihre Laborwerte abfragen, ein Folgerezept bestellen oder haben<br>eine medizinische Frage?<\/em><br><strong><mark style=\"background-color:rgba(0, 0, 0, 0)\" class=\"has-inline-color has-ast-global-color-0-color\">\u00dcber den <em>medflex-Messenger<\/em><\/mark><\/strong> <strong><mark style=\"background-color:rgba(0, 0, 0, 0)\" class=\"has-inline-color has-ast-global-color-0-color\">sind wir noch besser f\u00fcr Sie erreichbar<\/mark><\/strong>:<br><br>Sicher<br>Einfach<br>Kostenfrei<\/p>\n\n\n\n<medflex-widget type=\"pam__large1\" href=\"https:\/\/arzt.medflex.de\/kontakt\/neurologie-psychiatrie\/frechen\/nervenaerztliche-gemeinschaftspraxis-frechen\/9yb5so\" \/>\n\n<script src=\"https:\/\/arzt.medflex.de\/kontakt\/widget\/v2.js\"><\/script>\n\n\n\n<p><br>Einfach QR Code scannen, anmelden und schon sind Sie mit uns verbunden!<\/p>\n\n\n\n<p><\/p>\n\n\n\n<figure class=\"wp-block-image\"><img loading=\"lazy\" decoding=\"async\" width=\"229\" height=\"229\" src=\"https:\/\/neurologiefrechen.de\/wp-content\/uploads\/2024\/03\/image-1.png\" alt=\"\" class=\"wp-image-135\" srcset=\"https:\/\/neuropraxisfrechen.de\/wp-content\/uploads\/2024\/03\/image-1.png 229w, https:\/\/neuropraxisfrechen.de\/wp-content\/uploads\/2024\/03\/image-1-150x150.png 150w\" sizes=\"auto, (max-width: 229px) 100vw, 229px\" \/><\/figure>\n\n\n\n<p><br>Scannen &amp; Anmelden<br>Mehr unter:&nbsp;<a href=\"http:\/\/www.medflex.de\/patient\" target=\"_blank\" rel=\"noreferrer noopener\">www.medflex.de\/patient<\/a><\/p>\n","protected":false},"excerpt":{"rendered":"<p>Wir sind Montag von 08:00 &#8211; 17:00 Uhr Dienstag von 08:00 &#8211; 18:00 Uhr Mittwoch von 08:00 &#8211; 15:00 Uhr und von 15:00 &#8211; 17:00 Uhr nach Vereinbarung Donnerstag von 08:00 Uhr bis 18:00 Uhr Freitag von 08:00 Uhr bis 16:00 Uhr durchgehend pers\u00f6nlich f\u00fcr Sie da. Rezepte, \u00dcberweisungen, Verordnungen o.\u00e4. k\u00f6nnen jederzeit auch ohne &hellip;<\/p>\n<p class=\"read-more\"> <a class=\"\" href=\"https:\/\/neuropraxisfrechen.de\/index.php\/rezept\/\"> <span class=\"screen-reader-text\">Termin &amp; Rezept<\/span> Weiterlesen &raquo;<\/a><\/p>\n","protected":false},"author":3,"featured_media":0,"parent":0,"menu_order":0,"comment_status":"closed","ping_status":"closed","template":"","meta":{"site-sidebar-layout":"default","site-content-layout":"default","ast-global-header-display":"","ast-banner-title-visibility":"","ast-main-header-display":"","ast-hfb-above-header-display":"","ast-hfb-below-header-display":"","ast-hfb-mobile-header-display":"","site-post-title":"","ast-breadcrumbs-content":"","ast-featured-img":"","footer-sml-layout":"","theme-transparent-header-meta":"","adv-header-id-meta":"","stick-header-meta":"","header-above-stick-meta":"","header-main-stick-meta":"","header-below-stick-meta":"","footnotes":""},"class_list":["post-118","page","type-page","status-publish","hentry"],"_links":{"self":[{"href":"https:\/\/neuropraxisfrechen.de\/index.php\/wp-json\/wp\/v2\/pages\/118","targetHints":{"allow":["GET"]}}],"collection":[{"href":"https:\/\/neuropraxisfrechen.de\/index.php\/wp-json\/wp\/v2\/pages"}],"about":[{"href":"https:\/\/neuropraxisfrechen.de\/index.php\/wp-json\/wp\/v2\/types\/page"}],"author":[{"embeddable":true,"href":"https:\/\/neuropraxisfrechen.de\/index.php\/wp-json\/wp\/v2\/users\/3"}],"replies":[{"embeddable":true,"href":"https:\/\/neuropraxisfrechen.de\/index.php\/wp-json\/wp\/v2\/comments?post=118"}],"version-history":[{"count":13,"href":"https:\/\/neuropraxisfrechen.de\/index.php\/wp-json\/wp\/v2\/pages\/118\/revisions"}],"predecessor-version":[{"id":361,"href":"https:\/\/neuropraxisfrechen.de\/index.php\/wp-json\/wp\/v2\/pages\/118\/revisions\/361"}],"wp:attachment":[{"href":"https:\/\/neuropraxisfrechen.de\/index.php\/wp-json\/wp\/v2\/media?parent=118"}],"curies":[{"name":"wp","href":"https:\/\/api.w.org\/{rel}","templated":true}]}}